{"id":119,"date":"2026-02-10T09:53:15","date_gmt":"2026-02-10T09:53:15","guid":{"rendered":"https:\/\/alejandrohernandez.fpcei.eu\/?page_id=119"},"modified":"2026-02-24T10:57:04","modified_gmt":"2026-02-24T10:57:04","slug":"contexto","status":"publish","type":"page","link":"https:\/\/alejandrohernandez.fpcei.eu\/?page_id=119","title":{"rendered":"Contexto"},"content":{"rendered":"\n<div class=\"wp-block-cover\"><span aria-hidden=\"true\" class=\"wp-block-cover__background has-background-dim\"><\/span><div class=\"wp-block-cover__inner-container is-layout-flow wp-block-cover-is-layout-flow\">\n<div class=\"wp-block-group has-global-padding is-layout-constrained wp-block-group-is-layout-constrained\">\n<div class=\"wp-block-columns is-layout-flex wp-container-core-columns-is-layout-28f84493 wp-block-columns-is-layout-flex\">\n<div class=\"wp-block-column is-vertically-aligned-center is-style-default is-layout-flow wp-block-column-is-layout-flow\" style=\"flex-basis:100%\">\n<div class=\"wp-block-group is-layout-grid wp-container-core-group-is-layout-478b6e6b wp-block-group-is-layout-grid\">\n<p class=\"is-style-text-subtitle has-large-font-size is-style-text-subtitle--1\">Outer Wilds es un muy aclamado juego de exploraci\u00f3n y misterio en un mundo abierto, desarrollado por Mobius Digital y Annapurna Interactive. Sali\u00f3 a la venta en 2019 para PC, Xbox y Playstation 4, y m\u00e1s tarde se expandi\u00f3 al resto de plataformas. En 2021, Outer Wilds sorprendi\u00f3 con su gran DLC (Contenido descargable) \u00abEchoes of the Eye\u00bb, dando m\u00e1s respuestas a cuestiones sin resolver. En el a\u00f1o 2021, se estima que se vendieron al rededor de 2 millones de copias, pero despu\u00e9s del DLC aumentaron considerablemente.<\/p>\n\n\n\n<figure class=\"wp-block-image size-full\"><img loading=\"lazy\" decoding=\"async\" width=\"747\" height=\"1024\" src=\"https:\/\/alejandrohernandez.fpcei.eu\/wp-content\/uploads\/2026\/02\/imagen-4.png\" alt=\"\" class=\"wp-image-125\" srcset=\"https:\/\/alejandrohernandez.fpcei.eu\/wp-content\/uploads\/2026\/02\/imagen-4.png 747w, https:\/\/alejandrohernandez.fpcei.eu\/wp-content\/uploads\/2026\/02\/imagen-4-219x300.png 219w\" sizes=\"auto, (max-width: 747px) 100vw, 747px\" \/><\/figure>\n<\/div>\n<\/div>\n<\/div>\n<\/div>\n<\/div><\/div>\n\n\n\n<p>En este juego eres un astronauta investigando un sistema solar dentro de un bucle de 22 minutos, cuando termina el tiempo una supernova acaba contigo, si mueres antes de finalizar el tiempo, seguir\u00e1 el bucle y no cambiar\u00e1 nada. Este juego no se basa en avanzar por un camino haciendo misiones para completarlo, sino gracias al conocimiento que adquieres investigando resuelves lo que se podr\u00eda llamar el puzle del juego. Durante la experiencia, vas recopilando informaci\u00f3n en el registro de tu aeronave, tu gran compa\u00f1era de viaje, cuando mueres, en el siguiente bucle tendr\u00e1s la informaci\u00f3n que has recogido en el anterior, para as\u00ed hilar todas las pistas para llegar al final.<\/p>\n\n\n\n<figure class=\"wp-block-image size-large\"><img loading=\"lazy\" decoding=\"async\" width=\"1024\" height=\"478\" src=\"https:\/\/alejandrohernandez.fpcei.eu\/wp-content\/uploads\/2026\/02\/imagen-3-1024x478.png\" alt=\"\" class=\"wp-image-124\" srcset=\"https:\/\/alejandrohernandez.fpcei.eu\/wp-content\/uploads\/2026\/02\/imagen-3-1024x478.png 1024w, https:\/\/alejandrohernandez.fpcei.eu\/wp-content\/uploads\/2026\/02\/imagen-3-300x140.png 300w, https:\/\/alejandrohernandez.fpcei.eu\/wp-content\/uploads\/2026\/02\/imagen-3-768x359.png 768w, https:\/\/alejandrohernandez.fpcei.eu\/wp-content\/uploads\/2026\/02\/imagen-3.png 1390w\" sizes=\"auto, (max-width: 1024px) 100vw, 1024px\" \/><\/figure>\n\n\n<iframe loading=\"lazy\" class=\"embed-pdf-viewer\" src=\"https:\/\/alejandrohernandez.fpcei.eu\/wp-content\/uploads\/2026\/02\/Concepto-General-y-Mecanicas.pdf\" height=\"600\" width=\"600\" title=\"Array\"><\/iframe>","protected":false},"excerpt":{"rendered":"<p>En este juego eres un astronauta investigando un sistema solar dentro de un bucle de 22 minutos, cuando termina el tiempo una supernova acaba contigo, si mueres antes de finalizar el tiempo, seguir\u00e1 el bucle y no cambiar\u00e1 nada. Este juego no se basa en avanzar por un camino haciendo misiones para completarlo, sino gracias [&hellip;]<\/p>\n","protected":false},"author":2,"featured_media":0,"parent":0,"menu_order":0,"comment_status":"closed","ping_status":"closed","template":"","meta":{"footnotes":""},"class_list":["post-119","page","type-page","status-publish","hentry"],"_links":{"self":[{"href":"https:\/\/alejandrohernandez.fpcei.eu\/index.php?rest_route=\/wp\/v2\/pages\/119","targetHints":{"allow":["GET"]}}],"collection":[{"href":"https:\/\/alejandrohernandez.fpcei.eu\/index.php?rest_route=\/wp\/v2\/pages"}],"about":[{"href":"https:\/\/alejandrohernandez.fpcei.eu\/index.php?rest_route=\/wp\/v2\/types\/page"}],"author":[{"embeddable":true,"href":"https:\/\/alejandrohernandez.fpcei.eu\/index.php?rest_route=\/wp\/v2\/users\/2"}],"replies":[{"embeddable":true,"href":"https:\/\/alejandrohernandez.fpcei.eu\/index.php?rest_route=%2Fwp%2Fv2%2Fcomments&post=119"}],"version-history":[{"count":3,"href":"https:\/\/alejandrohernandez.fpcei.eu\/index.php?rest_route=\/wp\/v2\/pages\/119\/revisions"}],"predecessor-version":[{"id":185,"href":"https:\/\/alejandrohernandez.fpcei.eu\/index.php?rest_route=\/wp\/v2\/pages\/119\/revisions\/185"}],"wp:attachment":[{"href":"https:\/\/alejandrohernandez.fpcei.eu\/index.php?rest_route=%2Fwp%2Fv2%2Fmedia&parent=119"}],"curies":[{"name":"wp","href":"https:\/\/api.w.org\/{rel}","templated":true}]}}