{"id":15,"date":"2026-02-03T09:56:32","date_gmt":"2026-02-03T09:56:32","guid":{"rendered":"https:\/\/alejandrohernandez.fpcei.eu\/?page_id=15"},"modified":"2026-02-25T17:45:28","modified_gmt":"2026-02-25T17:45:28","slug":"resenas-del-publico","status":"publish","type":"page","link":"https:\/\/alejandrohernandez.fpcei.eu\/?page_id=15","title":{"rendered":"Rese\u00f1as del p\u00fablico"},"content":{"rendered":"\n<p>Este juego ni revolucion\u00f3 el mundo de los videojuegos ni destac\u00f3 entre otros. Pero Outer Wilds destaca por su gran impacto en los jugadores, mucha gente que ha vivido la experiencia del videojuego ha comentado que ha arreglado su vida, haci\u00e9ndolos ver la realidad de las cosas. Este juego explora muchos aspectos de la vida excesivamente importantes los cuales no se le dan la relevancia que necesitan. Esta p\u00e1gina est\u00e1 reservada para las grandes valoraciones de Outer Wilds, los comentarios positivos que la gente ha puesto en las rese\u00f1as de Steam y que merecen un reconocimiento para ense\u00f1ar la valiosa comunidad que tiene.<\/p>\n\n\n\n<figure class=\"wp-block-image size-full\"><img loading=\"lazy\" decoding=\"async\" width=\"594\" height=\"138\" src=\"https:\/\/alejandrohernandez.fpcei.eu\/wp-content\/uploads\/2026\/02\/imagen-44.png\" alt=\"\" class=\"wp-image-222\" srcset=\"https:\/\/alejandrohernandez.fpcei.eu\/wp-content\/uploads\/2026\/02\/imagen-44.png 594w, https:\/\/alejandrohernandez.fpcei.eu\/wp-content\/uploads\/2026\/02\/imagen-44-300x70.png 300w\" sizes=\"auto, (max-width: 594px) 100vw, 594px\" \/><\/figure>\n\n\n\n<figure class=\"wp-block-image size-full\"><img loading=\"lazy\" decoding=\"async\" width=\"598\" height=\"139\" src=\"https:\/\/alejandrohernandez.fpcei.eu\/wp-content\/uploads\/2026\/02\/imagen-45.png\" alt=\"\" class=\"wp-image-223\" srcset=\"https:\/\/alejandrohernandez.fpcei.eu\/wp-content\/uploads\/2026\/02\/imagen-45.png 598w, https:\/\/alejandrohernandez.fpcei.eu\/wp-content\/uploads\/2026\/02\/imagen-45-300x70.png 300w\" sizes=\"auto, (max-width: 598px) 100vw, 598px\" \/><\/figure>\n\n\n\n<figure class=\"wp-block-image size-full\"><img loading=\"lazy\" decoding=\"async\" width=\"593\" height=\"210\" src=\"https:\/\/alejandrohernandez.fpcei.eu\/wp-content\/uploads\/2026\/02\/imagen-46.png\" alt=\"\" class=\"wp-image-224\" srcset=\"https:\/\/alejandrohernandez.fpcei.eu\/wp-content\/uploads\/2026\/02\/imagen-46.png 593w, https:\/\/alejandrohernandez.fpcei.eu\/wp-content\/uploads\/2026\/02\/imagen-46-300x106.png 300w\" sizes=\"auto, (max-width: 593px) 100vw, 593px\" \/><\/figure>\n\n\n\n<figure class=\"wp-block-image size-full\"><img loading=\"lazy\" decoding=\"async\" width=\"584\" height=\"165\" src=\"https:\/\/alejandrohernandez.fpcei.eu\/wp-content\/uploads\/2026\/02\/imagen-47.png\" alt=\"\" class=\"wp-image-225\" srcset=\"https:\/\/alejandrohernandez.fpcei.eu\/wp-content\/uploads\/2026\/02\/imagen-47.png 584w, https:\/\/alejandrohernandez.fpcei.eu\/wp-content\/uploads\/2026\/02\/imagen-47-300x85.png 300w\" sizes=\"auto, (max-width: 584px) 100vw, 584px\" \/><\/figure>\n\n\n\n<figure class=\"wp-block-image size-full\"><img loading=\"lazy\" decoding=\"async\" width=\"588\" height=\"153\" src=\"https:\/\/alejandrohernandez.fpcei.eu\/wp-content\/uploads\/2026\/02\/imagen-48.png\" alt=\"\" class=\"wp-image-226\" srcset=\"https:\/\/alejandrohernandez.fpcei.eu\/wp-content\/uploads\/2026\/02\/imagen-48.png 588w, https:\/\/alejandrohernandez.fpcei.eu\/wp-content\/uploads\/2026\/02\/imagen-48-300x78.png 300w\" sizes=\"auto, (max-width: 588px) 100vw, 588px\" \/><\/figure>\n\n\n\n<figure class=\"wp-block-image size-full\"><img loading=\"lazy\" decoding=\"async\" width=\"583\" height=\"134\" src=\"https:\/\/alejandrohernandez.fpcei.eu\/wp-content\/uploads\/2026\/02\/imagen-49.png\" alt=\"\" class=\"wp-image-227\" srcset=\"https:\/\/alejandrohernandez.fpcei.eu\/wp-content\/uploads\/2026\/02\/imagen-49.png 583w, https:\/\/alejandrohernandez.fpcei.eu\/wp-content\/uploads\/2026\/02\/imagen-49-300x69.png 300w\" sizes=\"auto, (max-width: 583px) 100vw, 583px\" \/><\/figure>\n\n\n\n<figure class=\"wp-block-image size-full\"><img loading=\"lazy\" decoding=\"async\" width=\"587\" height=\"154\" src=\"https:\/\/alejandrohernandez.fpcei.eu\/wp-content\/uploads\/2026\/02\/imagen-50.png\" alt=\"\" class=\"wp-image-228\" srcset=\"https:\/\/alejandrohernandez.fpcei.eu\/wp-content\/uploads\/2026\/02\/imagen-50.png 587w, https:\/\/alejandrohernandez.fpcei.eu\/wp-content\/uploads\/2026\/02\/imagen-50-300x79.png 300w\" sizes=\"auto, (max-width: 587px) 100vw, 587px\" \/><\/figure>\n\n\n\n<figure class=\"wp-block-image size-full\"><img loading=\"lazy\" decoding=\"async\" width=\"587\" height=\"353\" src=\"https:\/\/alejandrohernandez.fpcei.eu\/wp-content\/uploads\/2026\/02\/imagen-51.png\" alt=\"\" class=\"wp-image-229\" srcset=\"https:\/\/alejandrohernandez.fpcei.eu\/wp-content\/uploads\/2026\/02\/imagen-51.png 587w, https:\/\/alejandrohernandez.fpcei.eu\/wp-content\/uploads\/2026\/02\/imagen-51-300x180.png 300w\" sizes=\"auto, (max-width: 587px) 100vw, 587px\" \/><\/figure>\n\n\n\n<p>Como se ha podido ver, todas estas personas an\u00f3nimas tienen palabras preciosas para describir Outer Wilds. Si bien este viaje se puede valorar positivamente por su comunidad, historia, desarrollo o contenido; uno de sus grandes puntos y que marca el 10\/10 es la m\u00fasica, las bandas sonoras est\u00e1n tan incre\u00edblemente puestas que hacen que el juego sea perfecto.<\/p>\n\n\n\n<figure class=\"wp-block-embed is-type-rich is-provider-spotify wp-block-embed-spotify wp-embed-aspect-21-9 wp-has-aspect-ratio\"><div class=\"wp-block-embed__wrapper\">\n<iframe title=\"Spotify Embed: 14.3 Billion Years\" style=\"border-radius: 12px\" width=\"100%\" height=\"152\" frameborder=\"0\" allowfullscreen allow=\"autoplay; clipboard-write; encrypted-media; fullscreen; picture-in-picture\" loading=\"lazy\" src=\"https:\/\/open.spotify.com\/embed\/track\/6Pk74EH6WUornCtIoP12jE?utm_source=oembed\"><\/iframe>\n<\/div><\/figure>\n","protected":false},"excerpt":{"rendered":"<p>Este juego ni revolucion\u00f3 el mundo de los videojuegos ni destac\u00f3 entre otros. Pero Outer Wilds destaca por su gran impacto en los jugadores, mucha gente que ha vivido la experiencia del videojuego ha comentado que ha arreglado su vida, haci\u00e9ndolos ver la realidad de las cosas. Este juego explora muchos aspectos de la vida [&hellip;]<\/p>\n","protected":false},"author":2,"featured_media":0,"parent":0,"menu_order":0,"comment_status":"closed","ping_status":"closed","template":"","meta":{"footnotes":""},"class_list":["post-15","page","type-page","status-publish","hentry"],"_links":{"self":[{"href":"https:\/\/alejandrohernandez.fpcei.eu\/index.php?rest_route=\/wp\/v2\/pages\/15","targetHints":{"allow":["GET"]}}],"collection":[{"href":"https:\/\/alejandrohernandez.fpcei.eu\/index.php?rest_route=\/wp\/v2\/pages"}],"about":[{"href":"https:\/\/alejandrohernandez.fpcei.eu\/index.php?rest_route=\/wp\/v2\/types\/page"}],"author":[{"embeddable":true,"href":"https:\/\/alejandrohernandez.fpcei.eu\/index.php?rest_route=\/wp\/v2\/users\/2"}],"replies":[{"embeddable":true,"href":"https:\/\/alejandrohernandez.fpcei.eu\/index.php?rest_route=%2Fwp%2Fv2%2Fcomments&post=15"}],"version-history":[{"count":5,"href":"https:\/\/alejandrohernandez.fpcei.eu\/index.php?rest_route=\/wp\/v2\/pages\/15\/revisions"}],"predecessor-version":[{"id":232,"href":"https:\/\/alejandrohernandez.fpcei.eu\/index.php?rest_route=\/wp\/v2\/pages\/15\/revisions\/232"}],"wp:attachment":[{"href":"https:\/\/alejandrohernandez.fpcei.eu\/index.php?rest_route=%2Fwp%2Fv2%2Fmedia&parent=15"}],"curies":[{"name":"wp","href":"https:\/\/api.w.org\/{rel}","templated":true}]}}