{"id":40,"date":"2026-02-03T09:53:12","date_gmt":"2026-02-03T09:53:12","guid":{"rendered":"https:\/\/alejandrohernandez.fpcei.eu\/?page_id=40"},"modified":"2026-02-17T10:40:45","modified_gmt":"2026-02-17T10:40:45","slug":"historia","status":"publish","type":"page","link":"https:\/\/alejandrohernandez.fpcei.eu\/?page_id=40","title":{"rendered":"Historia"},"content":{"rendered":"\n<p class=\"is-style-text-annotation has-large-font-size is-style-text-annotation--1\">&#x26a0; Recordamos que aqu\u00ed se encuentra la historia principal de <em>Outer Wilds<\/em>, en esta p\u00e1gina se encuentran todos los <strong>\u00abSPOILERS\u00bb<\/strong>, si quieres disfrutar del videojuego, sal de la p\u00e1gina, juega y disfruta. Si no te importa, te presento la gran historia del juego.<\/p>\n\n\n\n<p>En <em>Outer Wilds<\/em> eres un astronauta novato de la especie <em>hearthiana <\/em>que explora un peque\u00f1o sistema solar. Justo cuando despega tu primera misi\u00f3n, el sol explota&#8230; y mueres. Pero despiertas otra vez al inicio del mismo d\u00eda. As\u00ed, descubres que est\u00e1s atrapado en un bucle de 22 minutos, que se reinicia cada vez que el sol se convierte en supernova.<\/p>\n\n\n\n<figure class=\"wp-block-image size-large\"><img loading=\"lazy\" decoding=\"async\" width=\"1024\" height=\"327\" src=\"https:\/\/alejandrohernandez.fpcei.eu\/wp-content\/uploads\/2026\/02\/imagen-5-1024x327.png\" alt=\"\" class=\"wp-image-132\" srcset=\"https:\/\/alejandrohernandez.fpcei.eu\/wp-content\/uploads\/2026\/02\/imagen-5-1024x327.png 1024w, https:\/\/alejandrohernandez.fpcei.eu\/wp-content\/uploads\/2026\/02\/imagen-5-300x96.png 300w, https:\/\/alejandrohernandez.fpcei.eu\/wp-content\/uploads\/2026\/02\/imagen-5-768x245.png 768w, https:\/\/alejandrohernandez.fpcei.eu\/wp-content\/uploads\/2026\/02\/imagen-5.png 1080w\" sizes=\"auto, (max-width: 1024px) 100vw, 1024px\" \/><\/figure>\n\n\n\n<p>Investigando los planetas del sistema solar encuentras los restos de los <em>Nomai<\/em>, una antigua civilizaci\u00f3n que lleg\u00f3 buscando el <strong><em>\u00abOjo del Universo\u00bb<\/em><\/strong>, una se\u00f1al extremadamente antigua y misteriosa. Para localizarlo crearon el \u00abProyecto Gemelo Ceniza\u00bb, que usar\u00eda la energ\u00eda de una supernova para enviar informaci\u00f3n 22 minutos al pasado y repetir el intento hasta encontrar las coordenadas correctas.<\/p>\n\n\n\n<div class=\"wp-block-columns is-layout-flex wp-container-core-columns-is-layout-28f84493 wp-block-columns-is-layout-flex\">\n<div class=\"wp-block-column is-layout-flow wp-block-column-is-layout-flow\" style=\"flex-basis:100%\">\n<div class=\"wp-block-group is-layout-grid wp-container-core-group-is-layout-478b6e6b wp-block-group-is-layout-grid\">\n<p class=\"has-large-font-size wp-container-content-e29552f7\">Sin embargo, los Nomai murieron antes de activarlo debido a la materia fantasmal, que arras\u00f3 el sistema, debido a un asteroide que conten\u00eda dicha materia. Millones de a\u00f1os despu\u00e9s, el sol explota de forma natural al final de su vida, lo que activa el proyecto y provoca el bucle en el que t\u00fa quedas atrapado, porque anteriormente, una estatua misteriosa te cre\u00f3 un v\u00ednculo con ella, una de las 6 estatuas del proyecto para crear el bucle; conservando tus recuerdos en cada reinicio.<\/p>\n\n\n\n<div class=\"wp-block-columns is-layout-flex wp-container-core-columns-is-layout-28f84493 wp-block-columns-is-layout-flex\">\n<div class=\"wp-block-column is-layout-flow wp-block-column-is-layout-flow\" style=\"flex-basis:100%\">\n<figure class=\"wp-block-image size-full is-style-default wp-container-content-69bc4bdf\" style=\"margin-top:var(--wp--preset--spacing--40);margin-right:0;margin-bottom:var(--wp--preset--spacing--40);margin-left:0\"><img loading=\"lazy\" decoding=\"async\" width=\"827\" height=\"982\" src=\"https:\/\/alejandrohernandez.fpcei.eu\/wp-content\/uploads\/2026\/02\/imagen-6.png\" alt=\"\" class=\"wp-image-133\" srcset=\"https:\/\/alejandrohernandez.fpcei.eu\/wp-content\/uploads\/2026\/02\/imagen-6.png 827w, https:\/\/alejandrohernandez.fpcei.eu\/wp-content\/uploads\/2026\/02\/imagen-6-253x300.png 253w, https:\/\/alejandrohernandez.fpcei.eu\/wp-content\/uploads\/2026\/02\/imagen-6-768x912.png 768w\" sizes=\"auto, (max-width: 827px) 100vw, 827px\" \/><figcaption class=\"wp-element-caption\">Nuestro protagonista junto al Ojo del Universo<\/figcaption><\/figure>\n<\/div>\n<\/div>\n<\/div>\n<\/div>\n<\/div>\n\n\n\n<p>Al final descubres que no solo tu sol est\u00e1 muriendo: todo el universo est\u00e1 llegando a su fin. Consigues llegar al <strong><em>\u00abOjo del Universo\u00bb<\/em><\/strong>, un lugar fuera del tiempo, donde presencias el colapso del universo actual y el nacimiento de uno nuevo.<\/p>\n\n\n\n<figure class=\"wp-block-image size-large\"><img loading=\"lazy\" decoding=\"async\" width=\"1024\" height=\"723\" src=\"https:\/\/alejandrohernandez.fpcei.eu\/wp-content\/uploads\/2026\/02\/imagen-7-1024x723.png\" alt=\"\" class=\"wp-image-134\" srcset=\"https:\/\/alejandrohernandez.fpcei.eu\/wp-content\/uploads\/2026\/02\/imagen-7-1024x723.png 1024w, https:\/\/alejandrohernandez.fpcei.eu\/wp-content\/uploads\/2026\/02\/imagen-7-300x212.png 300w, https:\/\/alejandrohernandez.fpcei.eu\/wp-content\/uploads\/2026\/02\/imagen-7-768x543.png 768w, https:\/\/alejandrohernandez.fpcei.eu\/wp-content\/uploads\/2026\/02\/imagen-7.png 1080w\" sizes=\"auto, (max-width: 1024px) 100vw, 1024px\" \/><figcaption class=\"wp-element-caption\">Escena final de <em>Outer Wilds<\/em>, la representaci\u00f3n del final del universo junto a tus amigos.<\/figcaption><\/figure>\n\n\n\n<p>La historia no trata de salvar al mundo, sino de comprenderlo y aceptar que todo tiene un final.<\/p>\n","protected":false},"excerpt":{"rendered":"<p>&#x26a0; Recordamos que aqu\u00ed se encuentra la historia principal de Outer Wilds, en esta p\u00e1gina se encuentran todos los \u00abSPOILERS\u00bb, si quieres disfrutar del videojuego, sal de la p\u00e1gina, juega y disfruta. Si no te importa, te presento la gran historia del juego. En Outer Wilds eres un astronauta novato de la especie hearthiana que [&hellip;]<\/p>\n","protected":false},"author":2,"featured_media":0,"parent":0,"menu_order":0,"comment_status":"closed","ping_status":"closed","template":"","meta":{"footnotes":""},"class_list":["post-40","page","type-page","status-publish","hentry"],"_links":{"self":[{"href":"https:\/\/alejandrohernandez.fpcei.eu\/index.php?rest_route=\/wp\/v2\/pages\/40","targetHints":{"allow":["GET"]}}],"collection":[{"href":"https:\/\/alejandrohernandez.fpcei.eu\/index.php?rest_route=\/wp\/v2\/pages"}],"about":[{"href":"https:\/\/alejandrohernandez.fpcei.eu\/index.php?rest_route=\/wp\/v2\/types\/page"}],"author":[{"embeddable":true,"href":"https:\/\/alejandrohernandez.fpcei.eu\/index.php?rest_route=\/wp\/v2\/users\/2"}],"replies":[{"embeddable":true,"href":"https:\/\/alejandrohernandez.fpcei.eu\/index.php?rest_route=%2Fwp%2Fv2%2Fcomments&post=40"}],"version-history":[{"count":7,"href":"https:\/\/alejandrohernandez.fpcei.eu\/index.php?rest_route=\/wp\/v2\/pages\/40\/revisions"}],"predecessor-version":[{"id":138,"href":"https:\/\/alejandrohernandez.fpcei.eu\/index.php?rest_route=\/wp\/v2\/pages\/40\/revisions\/138"}],"wp:attachment":[{"href":"https:\/\/alejandrohernandez.fpcei.eu\/index.php?rest_route=%2Fwp%2Fv2%2Fmedia&parent=40"}],"curies":[{"name":"wp","href":"https:\/\/api.w.org\/{rel}","templated":true}]}}