{"id":84,"date":"2026-02-08T11:59:09","date_gmt":"2026-02-08T11:59:09","guid":{"rendered":"https:\/\/alejandrohernandez.fpcei.eu\/?page_id=84"},"modified":"2026-02-26T19:45:50","modified_gmt":"2026-02-26T19:45:50","slug":"planetas","status":"publish","type":"page","link":"https:\/\/alejandrohernandez.fpcei.eu\/?page_id=84","title":{"rendered":"Planetas"},"content":{"rendered":"\n<p>Outer Wilds se basa en investigar una serie de planetas y cuerpos que forman el sistema solar para descubrir el secreto del juego. Aqu\u00ed se explicar\u00e1 la informaci\u00f3n de cada uno de los planetas, incluyendo lunas y sol.<\/p>\n\n\n\n<figure class=\"wp-block-image size-large\"><img loading=\"lazy\" decoding=\"async\" width=\"1024\" height=\"684\" src=\"https:\/\/alejandrohernandez.fpcei.eu\/wp-content\/uploads\/2026\/02\/imagen-8-1024x684.png\" alt=\"\" class=\"wp-image-147\" srcset=\"https:\/\/alejandrohernandez.fpcei.eu\/wp-content\/uploads\/2026\/02\/imagen-8-1024x684.png 1024w, https:\/\/alejandrohernandez.fpcei.eu\/wp-content\/uploads\/2026\/02\/imagen-8-300x201.png 300w, https:\/\/alejandrohernandez.fpcei.eu\/wp-content\/uploads\/2026\/02\/imagen-8-768x513.png 768w, https:\/\/alejandrohernandez.fpcei.eu\/wp-content\/uploads\/2026\/02\/imagen-8-1536x1027.png 1536w, https:\/\/alejandrohernandez.fpcei.eu\/wp-content\/uploads\/2026\/02\/imagen-8.png 1972w\" sizes=\"auto, (max-width: 1024px) 100vw, 1024px\" \/><\/figure>\n\n\n\n<p class=\"is-style-text-annotation has-large-font-size is-style-text-annotation--1\">El Sol<\/p>\n\n\n\n<div class=\"wp-block-group is-nowrap is-layout-flex wp-container-core-group-is-layout-6c531013 wp-block-group-is-layout-flex\">\n<p>Este es el causante del final del bucle tras los 22 minutos, este explota no por el proyecto Nomai, sino por el fin de su vida. La supernova simplemente activa el Proyecto Gemelo Ceniza. Aunque en el Sol orbita una nave la cual habr\u00eda explotado el Sol creando la supernova, pero debido al tiempo y la extinci\u00f3n de los Nomai no les dio tiempo.<\/p>\n\n\n\n<figure class=\"wp-block-image size-full is-style-rounded\"><img loading=\"lazy\" decoding=\"async\" width=\"739\" height=\"739\" src=\"https:\/\/alejandrohernandez.fpcei.eu\/wp-content\/uploads\/2026\/02\/imagen-21.png\" alt=\"\" class=\"wp-image-162\" srcset=\"https:\/\/alejandrohernandez.fpcei.eu\/wp-content\/uploads\/2026\/02\/imagen-21.png 739w, https:\/\/alejandrohernandez.fpcei.eu\/wp-content\/uploads\/2026\/02\/imagen-21-300x300.png 300w, https:\/\/alejandrohernandez.fpcei.eu\/wp-content\/uploads\/2026\/02\/imagen-21-150x150.png 150w\" sizes=\"auto, (max-width: 739px) 100vw, 739px\" \/><\/figure>\n<\/div>\n\n\n\n<p><mark style=\"background-color:rgba(0, 0, 0, 0);color:#000000\" class=\"has-inline-color\">&#8211;<\/mark><\/p>\n\n\n\n<p class=\"is-style-text-annotation has-large-font-size is-style-text-annotation--2\">Los Gemelos<\/p>\n\n\n\n<p>Son dos planetas que comparten \u00f3rbita y se transfieren arena constantemente.<\/p>\n\n\n\n<p><strong>Gemelo Brasa<\/strong><\/p>\n\n\n\n<p>Este esta lleno de cuevas y ruinas Nomai. La arena que se transfiere de Gemelo Ceniza a este va llenando con el tiempo las cuevas. A parte, aqu\u00ed se encuentra la Ciudad sin Sol y el Laboratorio de Alta Energ\u00eda, donde los Nomai descubren que pueden enviar informaci\u00f3n ligeramente al pasado.<\/p>\n\n\n\n<figure class=\"wp-block-image aligncenter size-large is-resized\"><img loading=\"lazy\" decoding=\"async\" width=\"1024\" height=\"637\" src=\"https:\/\/alejandrohernandez.fpcei.eu\/wp-content\/uploads\/2026\/02\/imagen-14-1024x637.png\" alt=\"\" class=\"wp-image-154\" style=\"aspect-ratio:1.6075433915233592;width:312px;height:auto\" srcset=\"https:\/\/alejandrohernandez.fpcei.eu\/wp-content\/uploads\/2026\/02\/imagen-14-1024x637.png 1024w, https:\/\/alejandrohernandez.fpcei.eu\/wp-content\/uploads\/2026\/02\/imagen-14-300x187.png 300w, https:\/\/alejandrohernandez.fpcei.eu\/wp-content\/uploads\/2026\/02\/imagen-14-768x478.png 768w, https:\/\/alejandrohernandez.fpcei.eu\/wp-content\/uploads\/2026\/02\/imagen-14-1536x955.png 1536w, https:\/\/alejandrohernandez.fpcei.eu\/wp-content\/uploads\/2026\/02\/imagen-14.png 1663w\" sizes=\"auto, (max-width: 1024px) 100vw, 1024px\" \/><\/figure>\n\n\n\n<p><strong>Gemelo Ceniza<\/strong><\/p>\n\n\n\n<div class=\"wp-block-group has-global-padding is-layout-constrained wp-block-group-is-layout-constrained\">\n<p class=\"wp-container-content-e29552f7\">Este al principio del bucle est\u00e1 cubierto de arena. Conforme pasa el tiempo, pierde arena haci\u00e9ndola ir al otro Gemelo. Gemelo Ceniza es uno de los planetas m\u00e1s importantes, ya que en \u00e9l se encuentra el \u00abProyecto Gemelo Ceniza\u00bb, el cual se encuentra en el n\u00facleo del planeta y es el responsable de la aparici\u00f3n de los bucles, recoge la energ\u00eda de la supernova y env\u00eda los recuerdos 22 minutos atr\u00e1s.<\/p>\n<\/div>\n\n\n\n<p><mark style=\"background-color:rgba(0, 0, 0, 0);color:#000000\" class=\"has-inline-color\">&#8211;<\/mark><\/p>\n\n\n\n<p class=\"is-style-text-annotation has-large-font-size is-style-text-annotation--3\">Lumbre y Rocaterra<\/p>\n\n\n\n<p class=\"has-large-font-size\">Es el planeta natal de nuestro protagonista y el m\u00e1s estable. Aunque parezca muy tranquilo esconde secretos ocultos. En sus cuevas se encentran ruinas Nomai muy antiguas, de cuando llegaron por primera vez. Hay g\u00e9iseres que conectan con t\u00faneles subterr\u00e1neos. En este planeta cay\u00f3 una semilla de Espinoscuro, haciendo una conexi\u00f3n con ambos planetas. Lumbre, es en donde naci\u00f3 el programa espacial hearthiano, \u00abOuter Wilds Ventures\u00bb, siendo mucho m\u00e1s simple que la tecnolog\u00eda Nomai.<\/p>\n\n\n\n<figure class=\"wp-block-image aligncenter size-large is-resized\"><img loading=\"lazy\" decoding=\"async\" width=\"1024\" height=\"576\" src=\"https:\/\/alejandrohernandez.fpcei.eu\/wp-content\/uploads\/2026\/02\/imagen-9-1024x576.png\" alt=\"\" class=\"wp-image-148\" style=\"aspect-ratio:1.7777572916036697;width:439px;height:auto\" srcset=\"https:\/\/alejandrohernandez.fpcei.eu\/wp-content\/uploads\/2026\/02\/imagen-9-1024x576.png 1024w, https:\/\/alejandrohernandez.fpcei.eu\/wp-content\/uploads\/2026\/02\/imagen-9-300x169.png 300w, https:\/\/alejandrohernandez.fpcei.eu\/wp-content\/uploads\/2026\/02\/imagen-9-768x432.png 768w, https:\/\/alejandrohernandez.fpcei.eu\/wp-content\/uploads\/2026\/02\/imagen-9.png 1100w\" sizes=\"auto, (max-width: 1024px) 100vw, 1024px\" \/><\/figure>\n\n\n\n<p>Su luna es uno de los primeros lugares a los que puedes visitar. En el se encuentra Esker, uno de los exploradores hearthianos, haciendo m\u00fasica como el resto de los suyos. Adem\u00e1s se pueden encontrar restos Nomai.<\/p>\n\n\n\n<p><mark style=\"background-color:rgba(0, 0, 0, 0);color:#000000\" class=\"has-inline-color\">&#8211;<\/mark><\/p>\n\n\n\n<p class=\"is-style-text-annotation has-large-font-size is-style-text-annotation--4\">Hondonada Fr\u00e1gil y la Luna Volc\u00e1nica<\/p>\n\n\n\n<div class=\"wp-block-group is-nowrap is-layout-flex wp-container-core-group-is-layout-6c531013 wp-block-group-is-layout-flex\">\n<p>Este planeta conforme pasa el tiempo se va destruyendo en consecuencia de la Luna Volc\u00e1nica, la cual va lanzando meteoritos constantemente; en su interior se encuentra un laboratorio Nomai donde estudiaban materiales extremos.<\/p>\n\n\n\n<figure class=\"wp-block-image size-full\"><img loading=\"lazy\" decoding=\"async\" width=\"1000\" height=\"890\" src=\"https:\/\/alejandrohernandez.fpcei.eu\/wp-content\/uploads\/2026\/02\/imagen-19.png\" alt=\"\" class=\"wp-image-160\" srcset=\"https:\/\/alejandrohernandez.fpcei.eu\/wp-content\/uploads\/2026\/02\/imagen-19.png 1000w, https:\/\/alejandrohernandez.fpcei.eu\/wp-content\/uploads\/2026\/02\/imagen-19-300x267.png 300w, https:\/\/alejandrohernandez.fpcei.eu\/wp-content\/uploads\/2026\/02\/imagen-19-768x684.png 768w\" sizes=\"auto, (max-width: 1000px) 100vw, 1000px\" \/><\/figure>\n<\/div>\n\n\n\n<p> Volviendo a Hondonada, trozos de su corteza van cayendo hacia un agujero negro que hay en su interior. Adem\u00e1s, se encuentran estructuras Nomai como la Ciudad Suspendida, donde habitaban, y la Forja del Agujero Negro, en la cual desarrollaron la tecnolog\u00eda de teletransporte.<\/p>\n\n\n\n<div class=\"wp-block-columns is-layout-flex wp-container-core-columns-is-layout-28f84493 wp-block-columns-is-layout-flex\">\n<div class=\"wp-block-column is-layout-flow wp-block-column-is-layout-flow\" style=\"flex-basis:100%\">\n<figure class=\"wp-block-gallery has-nested-images columns-default is-cropped wp-block-gallery-5 is-layout-flex wp-block-gallery-is-layout-flex\">\n<figure class=\"wp-block-image size-large is-style-default\"><img loading=\"lazy\" decoding=\"async\" width=\"1024\" height=\"846\" data-id=\"156\" src=\"https:\/\/alejandrohernandez.fpcei.eu\/wp-content\/uploads\/2026\/02\/imagen-15-1024x846.png\" alt=\"\" class=\"wp-image-156\" srcset=\"https:\/\/alejandrohernandez.fpcei.eu\/wp-content\/uploads\/2026\/02\/imagen-15-1024x846.png 1024w, https:\/\/alejandrohernandez.fpcei.eu\/wp-content\/uploads\/2026\/02\/imagen-15-300x248.png 300w, https:\/\/alejandrohernandez.fpcei.eu\/wp-content\/uploads\/2026\/02\/imagen-15-768x635.png 768w, https:\/\/alejandrohernandez.fpcei.eu\/wp-content\/uploads\/2026\/02\/imagen-15.png 1515w\" sizes=\"auto, (max-width: 1024px) 100vw, 1024px\" \/><figcaption class=\"wp-element-caption\">Al principio del bucle<\/figcaption><\/figure>\n\n\n\n<figure class=\"wp-block-image size-large\"><img loading=\"lazy\" decoding=\"async\" width=\"1000\" height=\"826\" data-id=\"158\" src=\"https:\/\/alejandrohernandez.fpcei.eu\/wp-content\/uploads\/2026\/02\/imagen-17.png\" alt=\"\" class=\"wp-image-158\" srcset=\"https:\/\/alejandrohernandez.fpcei.eu\/wp-content\/uploads\/2026\/02\/imagen-17.png 1000w, https:\/\/alejandrohernandez.fpcei.eu\/wp-content\/uploads\/2026\/02\/imagen-17-300x248.png 300w, https:\/\/alejandrohernandez.fpcei.eu\/wp-content\/uploads\/2026\/02\/imagen-17-768x634.png 768w\" sizes=\"auto, (max-width: 1000px) 100vw, 1000px\" \/><figcaption class=\"wp-element-caption\">Al final del bucle<\/figcaption><\/figure>\n<\/figure>\n<\/div>\n<\/div>\n\n\n\n<p><mark style=\"background-color:rgba(0, 0, 0, 0);color:#000000\" class=\"has-inline-color\">&#8211;<\/mark><\/p>\n\n\n\n<p class=\"is-style-text-annotation has-large-font-size is-style-text-annotation--6\">Abismo del Gigante<\/p>\n\n\n\n<div class=\"wp-block-group is-layout-grid wp-container-core-group-is-layout-478b6e6b wp-block-group-is-layout-grid\">\n<figure class=\"wp-block-image aligncenter size-full is-resized\" style=\"margin-top:var(--wp--preset--spacing--50);margin-bottom:var(--wp--preset--spacing--50)\"><img loading=\"lazy\" decoding=\"async\" width=\"700\" height=\"711\" src=\"https:\/\/alejandrohernandez.fpcei.eu\/wp-content\/uploads\/2026\/02\/imagen-20.png\" alt=\"\" class=\"wp-image-161\" style=\"aspect-ratio:0.9845323679009251;width:317px;height:auto\" srcset=\"https:\/\/alejandrohernandez.fpcei.eu\/wp-content\/uploads\/2026\/02\/imagen-20.png 700w, https:\/\/alejandrohernandez.fpcei.eu\/wp-content\/uploads\/2026\/02\/imagen-20-295x300.png 295w\" sizes=\"auto, (max-width: 700px) 100vw, 700px\" \/><\/figure>\n\n\n\n<p class=\"wp-container-content-e29552f7\">Este es un planeta oce\u00e1nico con una atm\u00f3sfera violenta. En \u00e9l hay tornados gigantes que lanzan por los aires las islas que lo constituyen. Tambi\u00e9n tiene un n\u00facleo el cual est\u00e1 protegido por la electricidad, dentro de este se encuentra el M\u00f3dulo de Rastreo Orbital, uno de los sitios m\u00e1s importantes del juego, ya que aqu\u00ed es donde finalmente se almacenan las coordenadas exactas del <strong><em>\u00abOjo del Universo\u00bb<\/em><\/strong>, despu\u00e9s de millones de bucles lanzando sondas desde un lanzador que se sit\u00faa en la \u00f3rbita de este planeta.<\/p>\n<\/div>\n\n\n\n<p><mark style=\"background-color:rgba(0, 0, 0, 0);color:#000000\" class=\"has-inline-color\">&#8211;<\/mark><\/p>\n\n\n\n<p class=\"is-style-text-annotation has-large-font-size is-style-text-annotation--7\">Espinoscuro<\/p>\n\n\n\n<div class=\"wp-block-group is-nowrap is-layout-flex wp-container-core-group-is-layout-6c531013 wp-block-group-is-layout-flex\">\n<p>El lugar m\u00e1s inquietante del sistema solar, por fuera parece un planeta normal y corriente, pero al entrar por un hueco entras a un sin fin de zonas que f\u00edsicamente no podr\u00edan existir, m\u00e1s grande de lo que deber\u00eda ser. Est\u00e1 lleno de semillas que contienen dimensiones internas.<\/p>\n\n\n\n<figure class=\"wp-block-image size-full\"><img loading=\"lazy\" decoding=\"async\" width=\"732\" height=\"732\" src=\"https:\/\/alejandrohernandez.fpcei.eu\/wp-content\/uploads\/2026\/02\/imagen-22.png\" alt=\"\" class=\"wp-image-165\" srcset=\"https:\/\/alejandrohernandez.fpcei.eu\/wp-content\/uploads\/2026\/02\/imagen-22.png 732w, https:\/\/alejandrohernandez.fpcei.eu\/wp-content\/uploads\/2026\/02\/imagen-22-300x300.png 300w, https:\/\/alejandrohernandez.fpcei.eu\/wp-content\/uploads\/2026\/02\/imagen-22-150x150.png 150w\" sizes=\"auto, (max-width: 732px) 100vw, 732px\" \/><\/figure>\n<\/div>\n\n\n\n<div class=\"wp-block-group is-nowrap is-layout-flex wp-container-core-group-is-layout-6c531013 wp-block-group-is-layout-flex\">\n<figure class=\"wp-block-image size-full\"><img loading=\"lazy\" decoding=\"async\" width=\"690\" height=\"386\" src=\"https:\/\/alejandrohernandez.fpcei.eu\/wp-content\/uploads\/2026\/02\/imagen-23.png\" alt=\"\" class=\"wp-image-166\" srcset=\"https:\/\/alejandrohernandez.fpcei.eu\/wp-content\/uploads\/2026\/02\/imagen-23.png 690w, https:\/\/alejandrohernandez.fpcei.eu\/wp-content\/uploads\/2026\/02\/imagen-23-300x168.png 300w\" sizes=\"auto, (max-width: 690px) 100vw, 690px\" \/><\/figure>\n\n\n\n<p> Adem\u00e1s de ser enorme, en \u00e9l se encuentran los peces abisales gigantes, m\u00e1s conocidos como los rapes, una especie inmensa la cual es ciega pero muy sensible al sonido.<\/p>\n<\/div>\n\n\n\n<p> A parte, tambi\u00e9n est\u00e1 atrapada la nave original de los Nomai cuando llegaron al sistema; situ\u00e1ndose en un lugar distorsionado por fen\u00f3menos espaciales. Esta sirve para llegar al <strong><em>\u00abOjo del Universo\u00bb<\/em><\/strong>.<\/p>\n\n\n\n<figure class=\"wp-block-image aligncenter size-large is-resized\"><img loading=\"lazy\" decoding=\"async\" width=\"1024\" height=\"522\" src=\"https:\/\/alejandrohernandez.fpcei.eu\/wp-content\/uploads\/2026\/02\/imagen-24-1024x522.png\" alt=\"\" class=\"wp-image-167\" style=\"aspect-ratio:1.9616789049460939;width:353px;height:auto\" srcset=\"https:\/\/alejandrohernandez.fpcei.eu\/wp-content\/uploads\/2026\/02\/imagen-24-1024x522.png 1024w, https:\/\/alejandrohernandez.fpcei.eu\/wp-content\/uploads\/2026\/02\/imagen-24-300x153.png 300w, https:\/\/alejandrohernandez.fpcei.eu\/wp-content\/uploads\/2026\/02\/imagen-24-768x391.png 768w, https:\/\/alejandrohernandez.fpcei.eu\/wp-content\/uploads\/2026\/02\/imagen-24-1536x783.png 1536w, https:\/\/alejandrohernandez.fpcei.eu\/wp-content\/uploads\/2026\/02\/imagen-24-2048x1044.png 2048w\" sizes=\"auto, (max-width: 1024px) 100vw, 1024px\" \/><\/figure>\n\n\n\n<p><mark style=\"background-color:rgba(0, 0, 0, 0);color:#000000\" class=\"has-inline-color\">&#8211;<\/mark><\/p>\n\n\n\n<p class=\"is-style-text-annotation has-large-font-size is-style-text-annotation--8\">La Luna Cu\u00e1ntica<\/p>\n\n\n\n<div class=\"wp-block-group is-nowrap is-layout-flex wp-container-core-group-is-layout-6c531013 wp-block-group-is-layout-flex\">\n<p>Es una luna especial, esta cambia de \u00f3rbita seg\u00fan si la observas o no. Puede aparecer orbitando en cualquier planeta, incluso al <strong><em>\u00abOjo del Universo\u00bb<\/em><\/strong>.<\/p>\n\n\n\n<figure class=\"wp-block-image size-full\"><img loading=\"lazy\" decoding=\"async\" width=\"726\" height=\"726\" src=\"https:\/\/alejandrohernandez.fpcei.eu\/wp-content\/uploads\/2026\/02\/imagen-29.png\" alt=\"\" class=\"wp-image-172\" srcset=\"https:\/\/alejandrohernandez.fpcei.eu\/wp-content\/uploads\/2026\/02\/imagen-29.png 726w, https:\/\/alejandrohernandez.fpcei.eu\/wp-content\/uploads\/2026\/02\/imagen-29-300x300.png 300w, https:\/\/alejandrohernandez.fpcei.eu\/wp-content\/uploads\/2026\/02\/imagen-29-150x150.png 150w\" sizes=\"auto, (max-width: 726px) 100vw, 726px\" \/><\/figure>\n<\/div>\n\n\n\n<div class=\"wp-block-group is-layout-grid wp-container-core-group-is-layout-478b6e6b wp-block-group-is-layout-grid\">\n<figure class=\"wp-block-image size-full\"><img loading=\"lazy\" decoding=\"async\" width=\"490\" height=\"726\" src=\"https:\/\/alejandrohernandez.fpcei.eu\/wp-content\/uploads\/2026\/02\/imagen-30.png\" alt=\"\" class=\"wp-image-173\" srcset=\"https:\/\/alejandrohernandez.fpcei.eu\/wp-content\/uploads\/2026\/02\/imagen-30.png 490w, https:\/\/alejandrohernandez.fpcei.eu\/wp-content\/uploads\/2026\/02\/imagen-30-202x300.png 202w\" sizes=\"auto, (max-width: 490px) 100vw, 490px\" \/><\/figure>\n\n\n\n<p class=\"wp-container-content-e29552f7\">Sigue las reglas cu\u00e1nticas: si no la miras, cambia de estado. Si logras aterrizar correctamente y comprender sus reglas; debido a que la apariencia de la luna cambia seg\u00fan al planeta que orbite; podr\u00e1s llegar a la sexta ubicaci\u00f3n, el <strong><em>\u00abOjo del Universo\u00bb<\/em><\/strong>. All\u00ed encontrar\u00e1s a la \u00fanica Nomai que sobrevivi\u00f3, su nombre es Solanum, una pieza clave para comprender los secretos cu\u00e1nticos.<\/p>\n<\/div>\n\n\n\n<p><mark style=\"background-color:rgba(0, 0, 0, 0);color:#000000\" class=\"has-inline-color\">&#8211;<\/mark><\/p>\n\n\n\n<p class=\"is-style-text-annotation has-large-font-size is-style-text-annotation--9\">El Intruso<\/p>\n\n\n\n<p>Un cometa que orbita el sistema con una trayectoria muy alargada. En su n\u00facleo se encontraba la materia fantasmal la cual acab\u00f3 con la especie Nomai. Esto ocurri\u00f3 ya que al acercarse al sol su n\u00facleo se fractur\u00f3, liberando la materia alrededor del sistema, acabando con todas las formas de vida menos los hearthianos, debido a que estos antiguamente viv\u00edan bajo el agua y esta materia no afectaba en el agua.<\/p>\n\n\n\n<figure class=\"wp-block-gallery has-nested-images columns-default is-cropped wp-block-gallery-10 is-layout-flex wp-block-gallery-is-layout-flex\">\n<figure class=\"wp-block-image size-large is-resized\"><img loading=\"lazy\" decoding=\"async\" width=\"744\" height=\"744\" data-id=\"187\" src=\"https:\/\/alejandrohernandez.fpcei.eu\/wp-content\/uploads\/2026\/02\/imagen-31.png\" alt=\"\" class=\"wp-image-187\" style=\"width:321px;height:auto\" srcset=\"https:\/\/alejandrohernandez.fpcei.eu\/wp-content\/uploads\/2026\/02\/imagen-31.png 744w, https:\/\/alejandrohernandez.fpcei.eu\/wp-content\/uploads\/2026\/02\/imagen-31-300x300.png 300w, https:\/\/alejandrohernandez.fpcei.eu\/wp-content\/uploads\/2026\/02\/imagen-31-150x150.png 150w\" sizes=\"auto, (max-width: 744px) 100vw, 744px\" \/><figcaption class=\"wp-element-caption\">El Intruso<\/figcaption><\/figure>\n\n\n\n<figure class=\"wp-block-image size-large\"><img loading=\"lazy\" decoding=\"async\" width=\"820\" height=\"820\" data-id=\"189\" src=\"https:\/\/alejandrohernandez.fpcei.eu\/wp-content\/uploads\/2026\/02\/imagen-33.png\" alt=\"\" class=\"wp-image-189\" srcset=\"https:\/\/alejandrohernandez.fpcei.eu\/wp-content\/uploads\/2026\/02\/imagen-33.png 820w, https:\/\/alejandrohernandez.fpcei.eu\/wp-content\/uploads\/2026\/02\/imagen-33-300x300.png 300w, https:\/\/alejandrohernandez.fpcei.eu\/wp-content\/uploads\/2026\/02\/imagen-33-150x150.png 150w, https:\/\/alejandrohernandez.fpcei.eu\/wp-content\/uploads\/2026\/02\/imagen-33-768x768.png 768w\" sizes=\"auto, (max-width: 820px) 100vw, 820px\" \/><figcaption class=\"wp-element-caption\">la materia fantasmal<\/figcaption><\/figure>\n<\/figure>\n","protected":false},"excerpt":{"rendered":"<p>Outer Wilds se basa en investigar una serie de planetas y cuerpos que forman el sistema solar para descubrir el secreto del juego. Aqu\u00ed se explicar\u00e1 la informaci\u00f3n de cada uno de los planetas, incluyendo lunas y sol. El Sol Este es el causante del final del bucle tras los 22 minutos, este explota no [&hellip;]<\/p>\n","protected":false},"author":2,"featured_media":0,"parent":0,"menu_order":0,"comment_status":"closed","ping_status":"closed","template":"","meta":{"footnotes":""},"class_list":["post-84","page","type-page","status-publish","hentry"],"_links":{"self":[{"href":"https:\/\/alejandrohernandez.fpcei.eu\/index.php?rest_route=\/wp\/v2\/pages\/84","targetHints":{"allow":["GET"]}}],"collection":[{"href":"https:\/\/alejandrohernandez.fpcei.eu\/index.php?rest_route=\/wp\/v2\/pages"}],"about":[{"href":"https:\/\/alejandrohernandez.fpcei.eu\/index.php?rest_route=\/wp\/v2\/types\/page"}],"author":[{"embeddable":true,"href":"https:\/\/alejandrohernandez.fpcei.eu\/index.php?rest_route=\/wp\/v2\/users\/2"}],"replies":[{"embeddable":true,"href":"https:\/\/alejandrohernandez.fpcei.eu\/index.php?rest_route=%2Fwp%2Fv2%2Fcomments&post=84"}],"version-history":[{"count":13,"href":"https:\/\/alejandrohernandez.fpcei.eu\/index.php?rest_route=\/wp\/v2\/pages\/84\/revisions"}],"predecessor-version":[{"id":243,"href":"https:\/\/alejandrohernandez.fpcei.eu\/index.php?rest_route=\/wp\/v2\/pages\/84\/revisions\/243"}],"wp:attachment":[{"href":"https:\/\/alejandrohernandez.fpcei.eu\/index.php?rest_route=%2Fwp%2Fv2%2Fmedia&parent=84"}],"curies":[{"name":"wp","href":"https:\/\/api.w.org\/{rel}","templated":true}]}}