{"id":87,"date":"2026-02-08T12:00:31","date_gmt":"2026-02-08T12:00:31","guid":{"rendered":"https:\/\/alejandrohernandez.fpcei.eu\/?page_id=87"},"modified":"2026-02-25T08:11:49","modified_gmt":"2026-02-25T08:11:49","slug":"echoes-of-the-eye","status":"publish","type":"page","link":"https:\/\/alejandrohernandez.fpcei.eu\/?page_id=87","title":{"rendered":"Echoes of the Eye"},"content":{"rendered":"\n<p>Desde 2021, Outer Wilds se expandi\u00f3 con un DLC, Echoes of the Eye, lo que entusiasm\u00f3 a todo su p\u00fablico con nuevo contenido de juego. Esta expansi\u00f3n proporciona una historia paralela, conectada directamente con el misterio del <strong><em>\u00abOjo del Universo\u00bb<\/em><\/strong>. Aqu\u00ed se hablar\u00e1 sobre la historia que se cuenta y la informaci\u00f3n general de este.<\/p>\n\n\n\n<figure class=\"wp-block-image size-full\"><img loading=\"lazy\" decoding=\"async\" width=\"616\" height=\"353\" src=\"https:\/\/alejandrohernandez.fpcei.eu\/wp-content\/uploads\/2026\/02\/imagen-34.png\" alt=\"\" class=\"wp-image-196\" srcset=\"https:\/\/alejandrohernandez.fpcei.eu\/wp-content\/uploads\/2026\/02\/imagen-34.png 616w, https:\/\/alejandrohernandez.fpcei.eu\/wp-content\/uploads\/2026\/02\/imagen-34-300x172.png 300w\" sizes=\"auto, (max-width: 616px) 100vw, 616px\" \/><\/figure>\n\n\n\n<div class=\"wp-block-group is-nowrap is-layout-flex wp-container-core-group-is-layout-6c531013 wp-block-group-is-layout-flex\">\n<p>Todo comienza cuando descubres una anomal\u00eda en el museo de Lumbre: una imagen antigua del sistema solar en la que algo bloquea la luz de las estrellas.<\/p>\n\n\n\n<figure class=\"wp-block-image size-large\"><img loading=\"lazy\" decoding=\"async\" width=\"1024\" height=\"576\" src=\"https:\/\/alejandrohernandez.fpcei.eu\/wp-content\/uploads\/2026\/02\/imagen-35-1024x576.png\" alt=\"\" class=\"wp-image-197\" srcset=\"https:\/\/alejandrohernandez.fpcei.eu\/wp-content\/uploads\/2026\/02\/imagen-35-1024x576.png 1024w, https:\/\/alejandrohernandez.fpcei.eu\/wp-content\/uploads\/2026\/02\/imagen-35-300x169.png 300w, https:\/\/alejandrohernandez.fpcei.eu\/wp-content\/uploads\/2026\/02\/imagen-35-768x432.png 768w, https:\/\/alejandrohernandez.fpcei.eu\/wp-content\/uploads\/2026\/02\/imagen-35-1536x864.png 1536w, https:\/\/alejandrohernandez.fpcei.eu\/wp-content\/uploads\/2026\/02\/imagen-35.png 1920w\" sizes=\"auto, (max-width: 1024px) 100vw, 1024px\" \/><\/figure>\n<\/div>\n\n\n\n<div class=\"wp-block-group is-layout-grid wp-container-core-group-is-layout-478b6e6b wp-block-group-is-layout-grid\">\n<figure class=\"wp-block-image aligncenter size-large is-resized\"><img loading=\"lazy\" decoding=\"async\" width=\"832\" height=\"1024\" src=\"https:\/\/alejandrohernandez.fpcei.eu\/wp-content\/uploads\/2026\/02\/imagen-36-832x1024.png\" alt=\"\" class=\"wp-image-198\" style=\"aspect-ratio:0.8124960884755688;width:280px;height:auto\" srcset=\"https:\/\/alejandrohernandez.fpcei.eu\/wp-content\/uploads\/2026\/02\/imagen-36-832x1024.png 832w, https:\/\/alejandrohernandez.fpcei.eu\/wp-content\/uploads\/2026\/02\/imagen-36-244x300.png 244w, https:\/\/alejandrohernandez.fpcei.eu\/wp-content\/uploads\/2026\/02\/imagen-36-768x945.png 768w, https:\/\/alejandrohernandez.fpcei.eu\/wp-content\/uploads\/2026\/02\/imagen-36.png 1000w\" sizes=\"auto, (max-width: 832px) 100vw, 832px\" \/><figcaption class=\"wp-element-caption\">El Forastero<\/figcaption><\/figure>\n\n\n\n<p class=\"wp-container-content-e29552f7\"> Hilando las pistas, consigues descubrir el misterio, encuentras una estructura oculta en el espacio profundo: una enorme estaci\u00f3n en forma de anillo llamada El Forastero. No es un nuevo planeta, sino una nave generacional construida por una civilizaci\u00f3n desconocida.<\/p>\n<\/div>\n\n\n\n<p><\/p>\n\n\n\n<div class=\"wp-block-group is-layout-grid wp-container-core-group-is-layout-478b6e6b wp-block-group-is-layout-grid\">\n<p class=\"wp-container-content-e29552f7\">Dentro del Forastero descubres que esta civilizaci\u00f3n (A veces llamada \u00ablos habitantes del forastero\u00bb o \u00ablos Strangers\u00bb) tambi\u00e9n detect\u00f3 una se\u00f1al del <strong><em>\u00abOjo del Universo\u00bb<\/em><\/strong> mucho antes que los Nomai. Fascinados y emocionados, viajaron hasta \u00e9l para aprender qu\u00e9 era. Cuando finalmente interpretaron su naturaleza, llegaron a una conclusi\u00f3n terror\u00edfica: el Ojo implicaba el fin del universo tal y como lo conoc\u00edan.<\/p>\n\n\n\n<figure class=\"wp-block-image size-large is-style-rounded\" style=\"margin-top:var(--wp--preset--spacing--50);margin-bottom:var(--wp--preset--spacing--50)\"><img loading=\"lazy\" decoding=\"async\" width=\"1024\" height=\"1024\" src=\"https:\/\/alejandrohernandez.fpcei.eu\/wp-content\/uploads\/2026\/02\/imagen-37-1024x1024.png\" alt=\"\" class=\"wp-image-199\" srcset=\"https:\/\/alejandrohernandez.fpcei.eu\/wp-content\/uploads\/2026\/02\/imagen-37-1024x1024.png 1024w, https:\/\/alejandrohernandez.fpcei.eu\/wp-content\/uploads\/2026\/02\/imagen-37-300x300.png 300w, https:\/\/alejandrohernandez.fpcei.eu\/wp-content\/uploads\/2026\/02\/imagen-37-150x150.png 150w, https:\/\/alejandrohernandez.fpcei.eu\/wp-content\/uploads\/2026\/02\/imagen-37-768x768.png 768w, https:\/\/alejandrohernandez.fpcei.eu\/wp-content\/uploads\/2026\/02\/imagen-37.png 1200w\" sizes=\"auto, (max-width: 1024px) 100vw, 1024px\" \/><\/figure>\n<\/div>\n\n\n\n<p>Asustados, decidieron no activarlo ni permitir que nadie m\u00e1s lo hiciera. Para eso, construyeron un dispositivo para bloquear su se\u00f1al y ocultarlo del resto del cosmos. Debido a ese dispositivo, los Nomai tuvieron demasiadas dificultades para localizarlo: la se\u00f1al estaba sellada artificialmente.<\/p>\n\n\n\n<p><\/p>\n\n\n\n<div class=\"wp-block-group is-nowrap is-layout-flex wp-container-core-group-is-layout-6c531013 wp-block-group-is-layout-flex\">\n<figure class=\"wp-block-image size-full\"><img loading=\"lazy\" decoding=\"async\" width=\"500\" height=\"500\" src=\"https:\/\/alejandrohernandez.fpcei.eu\/wp-content\/uploads\/2026\/02\/imagen-38.png\" alt=\"\" class=\"wp-image-200\" srcset=\"https:\/\/alejandrohernandez.fpcei.eu\/wp-content\/uploads\/2026\/02\/imagen-38.png 500w, https:\/\/alejandrohernandez.fpcei.eu\/wp-content\/uploads\/2026\/02\/imagen-38-300x300.png 300w, https:\/\/alejandrohernandez.fpcei.eu\/wp-content\/uploads\/2026\/02\/imagen-38-150x150.png 150w\" sizes=\"auto, (max-width: 500px) 100vw, 500px\" \/><\/figure>\n\n\n\n<p>Sin embargo, no todos en esa civilizaci\u00f3n estaban de acuerdo. Uno de ellos cre\u00eda que el Ojo no deb\u00eda ser temido, sino comprendido. Al intentar liberar la se\u00f1al, fue castigado y encerrado en una prisi\u00f3n dentro de un mundo virtual.<\/p>\n<\/div>\n\n\n\n<div class=\"wp-block-group is-nowrap is-layout-flex wp-container-core-group-is-layout-6c531013 wp-block-group-is-layout-flex\">\n<p>Hablando de mundo virtual, ese es un gran punto del DLC: los habitantes del Forastero crearon una simulaci\u00f3n digital donde pod\u00edan vivir eternamente despu\u00e9s de apagar las luces f\u00edsicas de su mundo. Dentro de esa realidad virtual es donde transcurre gran parte del DLC. <\/p>\n<\/div>\n\n\n\n<figure class=\"wp-block-image aligncenter size-large is-resized\"><img loading=\"lazy\" decoding=\"async\" width=\"1024\" height=\"576\" src=\"https:\/\/alejandrohernandez.fpcei.eu\/wp-content\/uploads\/2026\/02\/imagen-39-1024x576.png\" alt=\"\" class=\"wp-image-201\" style=\"aspect-ratio:1.7777572916036697;width:507px;height:auto\" srcset=\"https:\/\/alejandrohernandez.fpcei.eu\/wp-content\/uploads\/2026\/02\/imagen-39-1024x576.png 1024w, https:\/\/alejandrohernandez.fpcei.eu\/wp-content\/uploads\/2026\/02\/imagen-39-300x169.png 300w, https:\/\/alejandrohernandez.fpcei.eu\/wp-content\/uploads\/2026\/02\/imagen-39-768x432.png 768w, https:\/\/alejandrohernandez.fpcei.eu\/wp-content\/uploads\/2026\/02\/imagen-39-1536x864.png 1536w, https:\/\/alejandrohernandez.fpcei.eu\/wp-content\/uploads\/2026\/02\/imagen-39-2048x1152.png 2048w\" sizes=\"auto, (max-width: 1024px) 100vw, 1024px\" \/><\/figure>\n\n\n\n<div class=\"wp-block-group is-nowrap is-layout-flex wp-container-core-group-is-layout-6c531013 wp-block-group-is-layout-flex\">\n<p>Dentro de ese mundo, es donde comprendes el verdadero significado de la expansi\u00f3n; ha pasado de un juego de exploraci\u00f3n a un juego de terror, es un lugar oscuro donde se encuentran todos los habitantes, que no dudaran en acabar con tu vida por estar ah\u00ed dentro.<\/p>\n\n\n\n<figure class=\"wp-block-image size-full is-style-rounded\" style=\"margin-top:0;margin-bottom:0\"><img loading=\"lazy\" decoding=\"async\" width=\"538\" height=\"1024\" src=\"https:\/\/alejandrohernandez.fpcei.eu\/wp-content\/uploads\/2026\/02\/imagen-40.png\" alt=\"\" class=\"wp-image-202\" srcset=\"https:\/\/alejandrohernandez.fpcei.eu\/wp-content\/uploads\/2026\/02\/imagen-40.png 538w, https:\/\/alejandrohernandez.fpcei.eu\/wp-content\/uploads\/2026\/02\/imagen-40-158x300.png 158w\" sizes=\"auto, (max-width: 538px) 100vw, 538px\" \/><\/figure>\n<\/div>\n\n\n\n<div class=\"wp-block-group is-layout-grid wp-container-core-group-is-layout-478b6e6b wp-block-group-is-layout-grid\">\n<figure class=\"wp-block-image size-large is-style-rounded\"><img loading=\"lazy\" decoding=\"async\" width=\"572\" height=\"1024\" src=\"https:\/\/alejandrohernandez.fpcei.eu\/wp-content\/uploads\/2026\/02\/imagen-41-572x1024.png\" alt=\"\" class=\"wp-image-203\" srcset=\"https:\/\/alejandrohernandez.fpcei.eu\/wp-content\/uploads\/2026\/02\/imagen-41-572x1024.png 572w, https:\/\/alejandrohernandez.fpcei.eu\/wp-content\/uploads\/2026\/02\/imagen-41-168x300.png 168w, https:\/\/alejandrohernandez.fpcei.eu\/wp-content\/uploads\/2026\/02\/imagen-41.png 724w\" sizes=\"auto, (max-width: 572px) 100vw, 572px\" \/><\/figure>\n\n\n\n<p class=\"wp-container-content-e29552f7\">Al final del DLC, liberas al prisionero que intent\u00f3 advertir a los dem\u00e1s. \u00c9l comprende que el universo est\u00e1 muriendo igualmente, y que bloquear al Ojo no evit\u00f3 el final, sino lo retras\u00f3 o lo ocult\u00f3. Al terminar eso, cuando llegas al <em><strong>\u00abOjo del Universo\u00bb<\/strong><\/em> en el juego base, tras completar el DLC, este personaje tambi\u00e9n aparece en la escena final junto a la hoguera, lo que significa que su historia tambi\u00e9n forma parte del nuevo comienzo.<\/p>\n<\/div>\n\n\n\n<figure class=\"wp-block-image size-large is-style-default\"><img loading=\"lazy\" decoding=\"async\" width=\"1024\" height=\"576\" src=\"https:\/\/alejandrohernandez.fpcei.eu\/wp-content\/uploads\/2026\/02\/imagen-43-1024x576.png\" alt=\"\" class=\"wp-image-206\" srcset=\"https:\/\/alejandrohernandez.fpcei.eu\/wp-content\/uploads\/2026\/02\/imagen-43-1024x576.png 1024w, https:\/\/alejandrohernandez.fpcei.eu\/wp-content\/uploads\/2026\/02\/imagen-43-300x169.png 300w, https:\/\/alejandrohernandez.fpcei.eu\/wp-content\/uploads\/2026\/02\/imagen-43-768x432.png 768w, https:\/\/alejandrohernandez.fpcei.eu\/wp-content\/uploads\/2026\/02\/imagen-43.png 1440w\" sizes=\"auto, (max-width: 1024px) 100vw, 1024px\" \/><\/figure>\n","protected":false},"excerpt":{"rendered":"<p>Desde 2021, Outer Wilds se expandi\u00f3 con un DLC, Echoes of the Eye, lo que entusiasm\u00f3 a todo su p\u00fablico con nuevo contenido de juego. Esta expansi\u00f3n proporciona una historia paralela, conectada directamente con el misterio del \u00abOjo del Universo\u00bb. Aqu\u00ed se hablar\u00e1 sobre la historia que se cuenta y la informaci\u00f3n general de este. [&hellip;]<\/p>\n","protected":false},"author":2,"featured_media":0,"parent":0,"menu_order":0,"comment_status":"closed","ping_status":"closed","template":"","meta":{"footnotes":""},"class_list":["post-87","page","type-page","status-publish","hentry"],"_links":{"self":[{"href":"https:\/\/alejandrohernandez.fpcei.eu\/index.php?rest_route=\/wp\/v2\/pages\/87","targetHints":{"allow":["GET"]}}],"collection":[{"href":"https:\/\/alejandrohernandez.fpcei.eu\/index.php?rest_route=\/wp\/v2\/pages"}],"about":[{"href":"https:\/\/alejandrohernandez.fpcei.eu\/index.php?rest_route=\/wp\/v2\/types\/page"}],"author":[{"embeddable":true,"href":"https:\/\/alejandrohernandez.fpcei.eu\/index.php?rest_route=\/wp\/v2\/users\/2"}],"replies":[{"embeddable":true,"href":"https:\/\/alejandrohernandez.fpcei.eu\/index.php?rest_route=%2Fwp%2Fv2%2Fcomments&post=87"}],"version-history":[{"count":4,"href":"https:\/\/alejandrohernandez.fpcei.eu\/index.php?rest_route=\/wp\/v2\/pages\/87\/revisions"}],"predecessor-version":[{"id":208,"href":"https:\/\/alejandrohernandez.fpcei.eu\/index.php?rest_route=\/wp\/v2\/pages\/87\/revisions\/208"}],"wp:attachment":[{"href":"https:\/\/alejandrohernandez.fpcei.eu\/index.php?rest_route=%2Fwp%2Fv2%2Fmedia&parent=87"}],"curies":[{"name":"wp","href":"https:\/\/api.w.org\/{rel}","templated":true}]}}